{"id":44,"date":"2017-05-27T10:06:13","date_gmt":"2017-05-27T10:06:13","guid":{"rendered":"https:\/\/xn--gernotlwen-kcb.de\/gl\/?page_id=44"},"modified":"2026-03-21T16:25:23","modified_gmt":"2026-03-21T16:25:23","slug":"willkommen","status":"publish","type":"page","link":"https:\/\/xn--gernotlwen-kcb.de\/gl\/","title":{"rendered":"Willkommen"},"content":{"rendered":"<h2 id=\"h1\" align=\"center\">Herzlich willkommen auf der Internetpr\u00e4senz der Gernotl\u00f6wen!<\/h2>\n<h3 id=\"h2\" align=\"center\">Wir w\u00fcnschen viel Spa\u00df beim St\u00f6bern auf unseren Seiten.<\/h3>\n<p><img loading=\"lazy\" decoding=\"async\" class=\" wp-image-45 aligncenter\" src=\"https:\/\/xn--gernotlwen-kcb.de\/gl\/wp-content\/uploads\/2017\/05\/title-e1495892650694-300x179.gif\" alt=\"\" width=\"499\" height=\"298\" srcset=\"https:\/\/xn--gernotlwen-kcb.de\/gl\/wp-content\/uploads\/2017\/05\/title-e1495892650694-300x179.gif 300w, https:\/\/xn--gernotlwen-kcb.de\/gl\/wp-content\/uploads\/2017\/05\/title-e1495892650694-768x458.gif 768w, https:\/\/xn--gernotlwen-kcb.de\/gl\/wp-content\/uploads\/2017\/05\/title-e1495892650694-600x358.gif 600w, https:\/\/xn--gernotlwen-kcb.de\/gl\/wp-content\/uploads\/2017\/05\/title-e1495892650694-2x1.gif 2w\" sizes=\"auto, (max-width: 499px) 100vw, 499px\" \/><\/p>\n","protected":false},"excerpt":{"rendered":"<p>Herzlich willkommen auf der Internetpr\u00e4senz der Gernotl\u00f6wen! Wir w\u00fcnschen viel Spa\u00df beim St\u00f6bern auf unseren Seiten.<\/p>\n","protected":false},"author":1,"featured_media":0,"parent":0,"menu_order":0,"comment_status":"closed","ping_status":"closed","template":"page-templates\/full-width.php","meta":{"ngg_post_thumbnail":0,"footnotes":""},"class_list":["post-44","page","type-page","status-publish","hentry"],"_links":{"self":[{"href":"https:\/\/xn--gernotlwen-kcb.de\/gl\/wp-json\/wp\/v2\/pages\/44","targetHints":{"allow":["GET"]}}],"collection":[{"href":"https:\/\/xn--gernotlwen-kcb.de\/gl\/wp-json\/wp\/v2\/pages"}],"about":[{"href":"https:\/\/xn--gernotlwen-kcb.de\/gl\/wp-json\/wp\/v2\/types\/page"}],"author":[{"embeddable":true,"href":"https:\/\/xn--gernotlwen-kcb.de\/gl\/wp-json\/wp\/v2\/users\/1"}],"replies":[{"embeddable":true,"href":"https:\/\/xn--gernotlwen-kcb.de\/gl\/wp-json\/wp\/v2\/comments?post=44"}],"version-history":[{"count":13,"href":"https:\/\/xn--gernotlwen-kcb.de\/gl\/wp-json\/wp\/v2\/pages\/44\/revisions"}],"predecessor-version":[{"id":2488,"href":"https:\/\/xn--gernotlwen-kcb.de\/gl\/wp-json\/wp\/v2\/pages\/44\/revisions\/2488"}],"wp:attachment":[{"href":"https:\/\/xn--gernotlwen-kcb.de\/gl\/wp-json\/wp\/v2\/media?parent=44"}],"curies":[{"name":"wp","href":"https:\/\/api.w.org\/{rel}","templated":true}]}}